{"id":335,"date":"2018-01-22T15:09:43","date_gmt":"2018-01-22T19:09:43","guid":{"rendered":"http:\/\/alcaldiacotui.gob.do\/transparencia\/?page_id=335"},"modified":"2018-04-25T16:18:52","modified_gmt":"2018-04-25T20:18:52","slug":"lista-de-proveedores","status":"publish","type":"page","link":"https:\/\/ayuntamientocotui.gob.do\/transparencia\/lista-de-proveedores\/","title":{"rendered":"Lista de proveedores"},"content":{"rendered":"<p class=\"text\">En cumplimiento con las disposiciones de la\u00a0Ley 340-06\u00a0sobre Compras y Contrataciones, el Ayuntamiento Municipal de Cotu\u00ed utiliza \u00fanica y exclusivamente los proveedores calificados por la Direcci\u00f3n General de Contrataciones P\u00fablicas, a trav\u00e9s del Registro de Proveedores del Estado (RPE).<\/p>\n<p class=\"text\">Para consultar los Proveedores Calificados de ofrecer bienes y servicios, favor consultar el siguiente enlace:<\/p>\n<p><a href=\"http:\/\/comprasdominicana.gov.do\/\" target=\"_blank\" rel=\"noopener\">http:\/\/comprasdominicana.gov.do<\/a><\/p>\n","protected":false},"excerpt":{"rendered":"En cumplimiento con las disposiciones de la\u00a0Ley 340-06\u00a0sobre Compras y Contrataciones, el Ayuntamiento Municipal de Cotu\u00ed utiliza \u00fanica y exclusivamente los proveedores calificados por la Direcci\u00f3n General de Contrataciones P\u00fablicas, a trav\u00e9s del Registro de Proveedores del Estado (RPE). Para consultar los Proveedores Calificados de ofrecer bienes y servicios, favor consultar el siguiente enlace: http:\/\/comprasdominicana.gov.do","protected":false},"author":3,"featured_media":0,"parent":0,"menu_order":0,"comment_status":"closed","ping_status":"closed","template":"","meta":[],"acf":[],"_links":{"self":[{"href":"https:\/\/ayuntamientocotui.gob.do\/transparencia\/wp-json\/wp\/v2\/pages\/335"}],"collection":[{"href":"https:\/\/ayuntamientocotui.gob.do\/transparencia\/wp-json\/wp\/v2\/pages"}],"about":[{"href":"https:\/\/ayuntamientocotui.gob.do\/transparencia\/wp-json\/wp\/v2\/types\/page"}],"author":[{"embeddable":true,"href":"https:\/\/ayuntamientocotui.gob.do\/transparencia\/wp-json\/wp\/v2\/users\/3"}],"replies":[{"embeddable":true,"href":"https:\/\/ayuntamientocotui.gob.do\/transparencia\/wp-json\/wp\/v2\/comments?post=335"}],"version-history":[{"count":3,"href":"https:\/\/ayuntamientocotui.gob.do\/transparencia\/wp-json\/wp\/v2\/pages\/335\/revisions"}],"predecessor-version":[{"id":398,"href":"https:\/\/ayuntamientocotui.gob.do\/transparencia\/wp-json\/wp\/v2\/pages\/335\/revisions\/398"}],"wp:attachment":[{"href":"https:\/\/ayuntamientocotui.gob.do\/transparencia\/wp-json\/wp\/v2\/media?parent=335"}],"curies":[{"name":"wp","href":"https:\/\/api.w.org\/{rel}","templated":true}]}}