{"id":258,"date":"2018-01-22T10:17:40","date_gmt":"2018-01-22T14:17:40","guid":{"rendered":"http:\/\/alcaldiacotui.gob.do\/transparencia\/?page_id=258"},"modified":"2024-05-29T11:41:43","modified_gmt":"2024-05-29T15:41:43","slug":"responsable-de-acceso-a-la-informacion","status":"publish","type":"page","link":"https:\/\/ayuntamientocotui.gob.do\/transparencia\/responsable-de-acceso-a-la-informacion\/","title":{"rendered":"Responsable de Acceso a la Informaci\u00f3n"},"content":{"rendered":"<div class=\"panelmargenH\">\n<p><strong>Responsable de Acceso a la Informaci\u00f3n (RAI)<\/strong><\/p>\n<p>Es la persona responsable de tramitar y facilitar las informaciones p\u00fablicas que el ciudadano requiera y solicite debidamente; y tambi\u00e9n de poner a disposici\u00f3n de la ciudadan\u00eda, toda la informaci\u00f3n que la Ley se\u00f1ala como de difusi\u00f3n obligatoria, a trav\u00e9s de los medios disponibles.<\/p>\n<\/div>\n<div class=\"panelmargenH\">\n<p><strong>Contacto Responsable de Acceso a la Informaci\u00f3n<\/strong><\/p>\n<p><strong>Magdelyn Mej\u00eda Silverio<\/strong><br \/>\n<strong>Responsable de Acceso a la Informaci\u00f3n (RAI)<\/strong><br \/>\nTel\u00e9fono: 809-958-8380<br \/>\nCorreo electr\u00f3nico: raialcaldiacotui@gmail.com<\/p>\n<\/div>\n","protected":false},"excerpt":{"rendered":"Responsable de Acceso a la Informaci\u00f3n (RAI) Es la persona responsable de tramitar y facilitar las informaciones p\u00fablicas que el ciudadano requiera y solicite debidamente; y tambi\u00e9n de poner a disposici\u00f3n de la ciudadan\u00eda, toda la informaci\u00f3n que la Ley se\u00f1ala como de difusi\u00f3n obligatoria, a trav\u00e9s de los medios disponibles. Contacto Responsable de Acceso&#8230;","protected":false},"author":3,"featured_media":0,"parent":0,"menu_order":0,"comment_status":"closed","ping_status":"closed","template":"","meta":[],"acf":[],"_links":{"self":[{"href":"https:\/\/ayuntamientocotui.gob.do\/transparencia\/wp-json\/wp\/v2\/pages\/258"}],"collection":[{"href":"https:\/\/ayuntamientocotui.gob.do\/transparencia\/wp-json\/wp\/v2\/pages"}],"about":[{"href":"https:\/\/ayuntamientocotui.gob.do\/transparencia\/wp-json\/wp\/v2\/types\/page"}],"author":[{"embeddable":true,"href":"https:\/\/ayuntamientocotui.gob.do\/transparencia\/wp-json\/wp\/v2\/users\/3"}],"replies":[{"embeddable":true,"href":"https:\/\/ayuntamientocotui.gob.do\/transparencia\/wp-json\/wp\/v2\/comments?post=258"}],"version-history":[{"count":5,"href":"https:\/\/ayuntamientocotui.gob.do\/transparencia\/wp-json\/wp\/v2\/pages\/258\/revisions"}],"predecessor-version":[{"id":1201,"href":"https:\/\/ayuntamientocotui.gob.do\/transparencia\/wp-json\/wp\/v2\/pages\/258\/revisions\/1201"}],"wp:attachment":[{"href":"https:\/\/ayuntamientocotui.gob.do\/transparencia\/wp-json\/wp\/v2\/media?parent=258"}],"curies":[{"name":"wp","href":"https:\/\/api.w.org\/{rel}","templated":true}]}}